{"id":2196,"date":"2025-03-26T20:54:56","date_gmt":"2025-03-26T20:54:56","guid":{"rendered":"https:\/\/www.treeenergy.eu\/artesian-pricing\/"},"modified":"2025-04-29T14:44:47","modified_gmt":"2025-04-29T14:44:47","slug":"contact","status":"publish","type":"page","link":"https:\/\/www.treeenergy.eu\/pt\/contact\/","title":{"rendered":"Contactos"},"content":{"rendered":"<div data-elementor-type=\"wp-page\" data-elementor-id=\"2196\" class=\"elementor elementor-2196\">\n\t\t\t\t\t\t<section class=\"elementor-section elementor-top-section elementor-element elementor-element-845f44a elementor-section-height-min-height elementor-section-boxed elementor-section-height-default elementor-section-items-middle\" data-id=\"845f44a\" data-element_type=\"section\" data-settings=\"{&quot;background_background&quot;:&quot;classic&quot;}\">\n\t\t\t\t\t\t\t<div class=\"elementor-background-overlay\"><\/div>\n\t\t\t\t\t\t\t<div class=\"elementor-container elementor-column-gap-default\">\n\t\t\t\t\t<div class=\"elementor-column elementor-col-100 elementor-top-column elementor-element elementor-element-37116ff\" data-id=\"37116ff\" data-element_type=\"column\">\n\t\t\t<div class=\"elementor-widget-wrap elementor-element-populated\">\n\t\t\t\t\t\t<section class=\"elementor-section elementor-inner-section elementor-element elementor-element-ee1d3eb elementor-section-boxed elementor-section-height-default elementor-section-height-default\" data-id=\"ee1d3eb\" data-element_type=\"section\">\n\t\t\t\t\t\t<div class=\"elementor-container elementor-column-gap-default\">\n\t\t\t\t\t<div class=\"elementor-column elementor-col-100 elementor-inner-column elementor-element elementor-element-000c7fb\" data-id=\"000c7fb\" data-element_type=\"column\">\n\t\t\t<div class=\"elementor-widget-wrap elementor-element-populated\">\n\t\t\t\t\t\t<div class=\"elementor-element elementor-element-116937f elementor-widget-tablet__width-inherit elementor-invisible elementor-widget elementor-widget-heading\" data-id=\"116937f\" data-element_type=\"widget\" data-settings=\"{&quot;_animation&quot;:&quot;fadeInUp&quot;,&quot;_animation_delay&quot;:1000}\" data-widget_type=\"heading.default\">\n\t\t\t\t<div class=\"elementor-widget-container\">\n\t\t\t\t\t<h1 class=\"elementor-heading-title elementor-size-default\">Contactos<\/h1>\t\t\t\t<\/div>\n\t\t\t\t<\/div>\n\t\t\t\t<div class=\"elementor-element elementor-element-8d0a5b3 elementor-widget__width-initial elementor-widget-tablet__width-inherit elementor-invisible elementor-widget elementor-widget-text-editor\" data-id=\"8d0a5b3\" data-element_type=\"widget\" data-settings=\"{&quot;_animation&quot;:&quot;fadeInUp&quot;,&quot;_animation_delay&quot;:1500}\" data-widget_type=\"text-editor.default\">\n\t\t\t\t<div class=\"elementor-widget-container\">\n\t\t\t\t\t\t\t\t\t<p>Estamos aqui para responder \u00e0s suas perguntas e explorar como podemos apoiar os seus objetivos energ\u00e9ticos. Contacte-nos hoje para saber mais sobre os nossos servi\u00e7os ou discutir as necessidades do seu projeto de energia renov\u00e1vel.<\/p>\t\t\t\t\t\t\t\t<\/div>\n\t\t\t\t<\/div>\n\t\t\t\t\t<\/div>\n\t\t<\/div>\n\t\t\t\t\t<\/div>\n\t\t<\/section>\n\t\t\t\t\t<\/div>\n\t\t<\/div>\n\t\t\t\t\t<\/div>\n\t\t<\/section>\n\t\t<div class=\"elementor-element elementor-element-b460d41 e-flex e-con-boxed e-con e-parent\" data-id=\"b460d41\" data-element_type=\"container\">\n\t\t\t\t\t<div class=\"e-con-inner\">\n\t\t<div class=\"elementor-element elementor-element-11143ab e-con-full e-flex e-con e-child\" data-id=\"11143ab\" data-element_type=\"container\">\n\t\t\t\t<div class=\"elementor-element elementor-element-f24ee00 elementor-widget elementor-widget-heading\" data-id=\"f24ee00\" data-element_type=\"widget\" data-widget_type=\"heading.default\">\n\t\t\t\t<div class=\"elementor-widget-container\">\n\t\t\t\t\t<p class=\"elementor-heading-title elementor-size-default\">Contacto<\/p>\t\t\t\t<\/div>\n\t\t\t\t<\/div>\n\t\t\t\t<div class=\"elementor-element elementor-element-e1ab0a2 elementor-widget__width-initial elementor-widget-tablet__width-inherit elementor-widget elementor-widget-heading\" data-id=\"e1ab0a2\" data-element_type=\"widget\" data-widget_type=\"heading.default\">\n\t\t\t\t<div class=\"elementor-widget-container\">\n\t\t\t\t\t<h2 class=\"elementor-heading-title elementor-size-default\">Vamos Construir um Futuro Mais Verde Juntos<\/h2>\t\t\t\t<\/div>\n\t\t\t\t<\/div>\n\t\t\t\t<div class=\"elementor-element elementor-element-8fe8075 elementor-vertical-align-top elementor-widget elementor-widget-image-box\" data-id=\"8fe8075\" data-element_type=\"widget\" data-widget_type=\"image-box.default\">\n\t\t\t\t<div class=\"elementor-widget-container\">\n\t\t\t\t\t<div class=\"elementor-image-box-wrapper\"><div class=\"elementor-image-box-content\"><h4 class=\"elementor-image-box-title\">Endere\u00e7o<\/h4><p class=\"elementor-image-box-description\">Rua Monte de S\u00e3o Bento, n\u00ba 156 - 4705-700 Fradelos, Braga<\/p><\/div><\/div>\t\t\t\t<\/div>\n\t\t\t\t<\/div>\n\t\t\t\t<div class=\"elementor-element elementor-element-d49a023 elementor-vertical-align-top elementor-widget elementor-widget-image-box\" data-id=\"d49a023\" data-element_type=\"widget\" data-widget_type=\"image-box.default\">\n\t\t\t\t<div class=\"elementor-widget-container\">\n\t\t\t\t\t<div class=\"elementor-image-box-wrapper\"><div class=\"elementor-image-box-content\"><h4 class=\"elementor-image-box-title\">Email<\/h4><p class=\"elementor-image-box-description\">geral@treeenergy.eu<\/p><\/div><\/div>\t\t\t\t<\/div>\n\t\t\t\t<\/div>\n\t\t\t\t<div class=\"elementor-element elementor-element-d8d9c0c elementor-vertical-align-top elementor-widget elementor-widget-image-box\" data-id=\"d8d9c0c\" data-element_type=\"widget\" data-widget_type=\"image-box.default\">\n\t\t\t\t<div class=\"elementor-widget-container\">\n\t\t\t\t\t<div class=\"elementor-image-box-wrapper\"><div class=\"elementor-image-box-content\"><h4 class=\"elementor-image-box-title\">Telefone<\/h4><p class=\"elementor-image-box-description\">+351 253 055 016<\/p><\/div><\/div>\t\t\t\t<\/div>\n\t\t\t\t<\/div>\n\t\t\t\t<\/div>\n\t\t<div class=\"elementor-element elementor-element-1863db7 e-con-full e-flex e-con e-child\" data-id=\"1863db7\" data-element_type=\"container\">\n\t\t\t\t<div class=\"elementor-element elementor-element-30f1a4d elementor-widget elementor-widget-sureforms_form\" data-id=\"30f1a4d\" data-element_type=\"widget\" data-widget_type=\"sureforms_form.default\">\n\t\t\t\t<div class=\"elementor-widget-container\">\n\t\t\t\t\t\t\t\t<div class=\"srfm-form-container srfm-form-container-2418\">\n\t\t\t<style>\n\t\t\t\t\/* Need to check and remove the input variables related to the Style Tab. *\/\n\t\t\t\t.srfm-form-container-2418 {\n\t\t\t\t\t\/* New test variables *\/\n\t\t\t\t\t--srfm-color-scheme-primary: #6aa84f;\n\t\t\t\t\t--srfm-color-scheme-text-on-primary: #FFFFFF;\n\t\t\t\t\t--srfm-color-scheme-text: #1E1E1E;\n\n\t\t\t\t\t--srfm-color-input-label: #1E1E1E;\n\t\t\t\t\t--srfm-color-input-description: hsl( from #1E1E1E h s l \/ 0.65 );\n\t\t\t\t\t--srfm-color-input-placeholder: hsl( from #1E1E1E h s l \/ 0.5 );\n\t\t\t\t\t--srfm-color-input-text: #1E1E1E;\n\t\t\t\t\t--srfm-color-input-prefix: hsl( from #1E1E1E h s l \/ 0.65 );\n\t\t\t\t\t--srfm-color-input-background: hsl( from #1E1E1E h s l \/ 0.02 );\n\t\t\t\t\t--srfm-color-input-background-hover: hsl( from #1E1E1E h s l \/ 0.05 );\n\t\t\t\t\t--srfm-color-input-background-disabled: hsl( from #1E1E1E h s l \/ 0.05 );\n\t\t\t\t\t--srfm-color-input-border: hsl( from #1E1E1E h s l \/ 0.25 );\n\t\t\t\t\t--srfm-color-input-border-disabled: hsl( from #1E1E1E h s l \/ 0.15 );\n\t\t\t\t\t--srfm-color-multi-choice-svg: hsl( from #1E1E1E h s l \/ 0.7 );\n\t\t\t\t\t--srfm-color-input-border-hover: hsl( from #6aa84f h s l \/ 0.65 );\n\t\t\t\t\t--srfm-color-input-border-focus-glow: hsl( from #6aa84f h s l \/ 0.15 );\n\t\t\t\t\t--srfm-color-input-selected: hsl( from #6aa84f h s l \/ 0.1 );\n\t\t\t\t\t--srfm-btn-color-hover: hsl( from #6aa84f h s l \/ 0.9 );\n\t\t\t\t\t--srfm-btn-color-disabled: hsl( from #6aa84f h s l \/ 0.25 );\n\n\t\t\t\t\t\/* Dropdown Variables *\/\n\t\t\t\t\t--srfm-dropdown-input-background-hover: hsl( from #1E1E1E h s l \/ 0.05 );\n\t\t\t\t\t--srfm-dropdown-option-background-hover: hsl( from #1E1E1E h s l \/ 0.10 );\n\t\t\t\t\t--srfm-dropdown-option-background-selected: hsl( from #1E1E1E h s l \/ 0.05 );\n\t\t\t\t\t--srfm-dropdown-option-selected-icon: hsl( from #1E1E1E h s l \/ 0.65 );\n\t\t\t\t\t--srfm-dropdown-option-text-color: hsl( from #1E1E1E h s l \/ 0.80 );\n\t\t\t\t\t--srfm-dropdown-option-selected-text: #1E1E1E;\n\t\t\t\t\t--srfm-dropdown-badge-background: hsl( from #1E1E1E h s l \/ 0.05 );\n\t\t\t\t\t--srfm-dropdown-badge-background-hover: hsl( from #1E1E1E h s l \/ 0.10 );\n\t\t\t\t\t--srfm-dropdown-menu-border-color: hsl( from #1E1E1E h s l \/ 0.10 );\n\t\t\t\t\t--srfm-dropdown-placeholder-color: hsl( from #1E1E1E h s l \/ 0.50 );\n\t\t\t\t\t--srfm-dropdown-icon-color: hsl( from #1E1E1E h s l \/ 0.65 );\n\t\t\t\t\t--srfm-dropdown-icon-disabled: hsl( from #1E1E1E h s l \/ 0.25 );\n\t\t\t\t\t--srfm-row-gap-between-blocks: 16px;--srfm-col-gap-between-fields: 12px;--srfm-row-gap-between-fields: 12px;--srfm-gap-below-address-label: 12px;--srfm-dropdown-font-size: 14px;--srfm-dropdown-gap-between-input-menu: 4px;--srfm-dropdown-badge-padding: 2px 6px;--srfm-dropdown-multiselect-font-size: 12px;--srfm-dropdown-multiselect-line-height: 16px;--srfm-dropdown-padding-right: 12px;--srfm-dropdown-padding-right-icon: calc( var( --srfm-dropdown-padding-right ) + 20px );--srfm-dropdown-multiselect-padding: 8px var( --srfm-dropdown-padding-right-icon ) 8px 8px;--srfm-input-height: 40px;--srfm-input-field-padding: 10px 12px;--srfm-input-field-font-size: 14px;--srfm-input-field-line-height: 20px;--srfm-input-field-margin: 4px 0;--srfm-check-ctn-width: 16px;--srfm-check-ctn-height: 16px;--srfm-check-svg-size: 10px;--srfm-checkbox-margin-top-frontend: 2px;--srfm-checkbox-margin-top-editor: 3px;--srfm-check-gap: 8px;--srfm-checkbox-description-margin-left: 24px;--srfm-flag-section-padding: 10px 0 10px 12px;--srfm-gap-between-icon-text: 8px;--srfm-label-font-size: 14px;--srfm-label-line-height: 20px;--srfm-description-font-size: 12px;--srfm-description-line-height: 16px;--srfm-btn-padding: 8px 14px;--srfm-btn-font-size: 14px;--srfm-btn-line-height: 20px;--srfm-multi-choice-horizontal-padding: 16px;--srfm-multi-choice-vertical-padding: 16px;--srfm-multi-choice-internal-option-gap: 8px;--srfm-multi-choice-vertical-svg-size: 32px;--srfm-multi-choice-horizontal-image-size: 20px;--srfm-multi-choice-vertical-image-size: 100px;--srfm-multi-choice-outer-padding: 0;\t\t\t\t}\n\t\t\t<\/style>\n\t\t\t\t\t\t\t<form method=\"post\" enctype=\"multipart\/form-data\" id=\"srfm-form-2418\" class=\"srfm-form\"\n\t\t\t\tform-id=\"2418\" after-submission=\"hide form\" message-type=\"same page\" success-url=\"\" ajaxurl=\"https:\/\/www.treeenergy.eu\/wp-admin\/admin-ajax.php\" nonce=\"c7135b4aae\" action=\"\"\n\t\t\t\t>\n\t\t\t\t<input type=\"hidden\" id=\"sureforms_form_submit\" name=\"sureforms_form_submit\" value=\"5f2d0d4fbc\" \/><input type=\"hidden\" name=\"_wp_http_referer\" value=\"\/pt\/wp-json\/wp\/v2\/pages\/2196\" \/>\n\t\t\t\t<input type=\"hidden\" value=\"2418\" name=\"form-id\">\n\t\t\t\t<input type=\"hidden\" value=\"\" name=\"srfm-sender-email-field\" id=\"srfm-sender-email\">\n\t\t\t\t<input type=\"hidden\" value=\"\" id=\"srfm-page-break\">\n\t\t\t\t\t\t\t\t\t\t\t<div data-block-id=\"e15ffa11\" class=\"srfm-block-single srfm-block srfm-input-block srf-input-e15ffa11-block srfm-block-width-100 2418\">\n\t\t\t<label id=\"srfm-label-e15ffa11-lbl-TmFtZQ\" for=\"srfm-input-e15ffa11-lbl-TmFtZQ\" class=\"srfm-block-label\">Nome<\/label>\t\t\t\t\t\t\t<div class=\"srfm-block-wrap\">\n\t\t\t\t<input class=\"srfm-input-common srfm-input-input\" type=\"text\" name=\"srfm-input-e15ffa11-lbl-TmFtZQ-name\" id=\"srfm-input-e15ffa11-lbl-TmFtZQ\"\n\t\t\t\t\taria-describedby='srfm-error-e15ffa11'\t\t\t\t\tdata-required=\"false\" data-unique=\"false\" maxlength=\"100\" value=\"\"  data-srfm-mask=\"none\"  \/>\n\t\t\t\t<\/div>\n\t\t\t\t<div class=\"srfm-error-wrap\">\n\t\t\t\t\t<div class=\"srfm-error-message\" data-srfm-id=\"srfm-error-e15ffa11\" data-error-msg=\"Este campo \u00e9 obrigat\u00f3rio.\" data-unique-msg=\"O valor precisa ser \u00fanico.\">Este campo \u00e9 obrigat\u00f3rio.<\/div>\t\t\t\t<\/div>\n\t\t\t<\/div>\n\t\t\n\n\t\t\t<div data-block-id=\"d83c52b1\" class=\"srfm-block-single srfm-block srfm-email-block-wrap srfm-block-width-100 2418\">\n\t\t\t\t<div class=\"srfm-email-block srf-email-d83c52b1-block\">\n\t\t\t\t\t<label id=\"srfm-label-d83c52b1-lbl-RW1haWw\" for=\"srfm-email-d83c52b1-lbl-RW1haWw\" class=\"srfm-block-label\">Email<\/label>\t\t\t\t\t\t\t\t\t\t<div class=\"srfm-block-wrap\">\n\t\t\t\t\t\t<input class=\"srfm-input-common srfm-input-email\" type=\"email\" name=\"srfm-email-d83c52b1-lbl-RW1haWw-srfm-email\" id=\"srfm-email-d83c52b1-lbl-RW1haWw\"\n\t\t\t\t\t\taria-describedby='srfm-error-d83c52b1'\t\t\t\t\t\tdata-required=\"false\" data-unique=\"false\"   \/>\n\t\t\t\t\t<\/div>\n\t\t\t\t\t<div class=\"srfm-error-wrap\">\n\t\t\t\t\t\t<div class=\"srfm-error-message\" data-srfm-id=\"srfm-error-d83c52b1\" data-error-msg=\"Este campo \u00e9 obrigat\u00f3rio.\" data-unique-msg=\"O valor precisa ser \u00fanico.\">Este campo \u00e9 obrigat\u00f3rio.<\/div>\t\t\t\t\t<\/div>\n\t\t\t\t<\/div>\n\t\t\t\t\t\t\t<\/div>\n\t\t\n\n\t\t\t<div data-block-id=\"af821eb9\" class=\"srfm-block-single srfm-block srfm-input-block srf-input-af821eb9-block srfm-block-width-100 2418\">\n\t\t\t<label id=\"srfm-label-af821eb9-lbl-U3ViamVjdA\" for=\"srfm-input-af821eb9-lbl-U3ViamVjdA\" class=\"srfm-block-label\">Assunto<\/label>\t\t\t\t\t\t\t<div class=\"srfm-block-wrap\">\n\t\t\t\t<input class=\"srfm-input-common srfm-input-input\" type=\"text\" name=\"srfm-input-af821eb9-lbl-U3ViamVjdA-subject\" id=\"srfm-input-af821eb9-lbl-U3ViamVjdA\"\n\t\t\t\t\taria-describedby='srfm-error-af821eb9'\t\t\t\t\tdata-required=\"false\" data-unique=\"false\" maxlength=\"100\" value=\"\"  data-srfm-mask=\"none\"  \/>\n\t\t\t\t<\/div>\n\t\t\t\t<div class=\"srfm-error-wrap\">\n\t\t\t\t\t<div class=\"srfm-error-message\" data-srfm-id=\"srfm-error-af821eb9\" data-error-msg=\"Este campo \u00e9 obrigat\u00f3rio.\" data-unique-msg=\"O valor precisa ser \u00fanico.\">Este campo \u00e9 obrigat\u00f3rio.<\/div>\t\t\t\t<\/div>\n\t\t\t<\/div>\n\t\t\n\n\t\t<div data-block-id=\"dd3b3b09\" class=\"srfm-block-single srfm-block srfm-textarea-block srf-textarea-dd3b3b09-block srfm-block-width-100 2418\">\n\t\t\t<label id=\"srfm-label-dd3b3b09-lbl-TWVzc2FnZQ\" for=\"srfm-textarea-dd3b3b09-lbl-TWVzc2FnZQ\" class=\"srfm-block-label\">Mensagem<\/label>\t\t\t\t\t\t<div class=\"srfm-block-wrap\">\n\t\t\t\t<textarea class=\"srfm-input-common srfm-input-textarea\" name=\"srfm-textarea-dd3b3b09-lbl-TWVzc2FnZQ-message\" id=\"srfm-textarea-dd3b3b09-lbl-TWVzc2FnZQ\"\n\t\t\t\taria-describedby='srfm-error-dd3b3b09'\t\t\t\tdata-required=\"false\"  rows=\"4\"  ><\/textarea>\n\t\t\t<\/div>\n\t\t\t<div class=\"srfm-error-wrap\">\n\t\t\t\t\t\t\t<\/div>\n\t\t<\/div>\n\n\t\t\t\t\t\t\t\t\t\t\t\n\t\t\t\t\t\n\t\t\t\t\t<div class=\"srfm-submit-container\">\n\t\t\t\t\t\t<div style=\"width: 100%; text-align: justify\" class=\"wp-block-button\">\n\t\t\t\t\t\t<button style=\"width:100%;\" id=\"srfm-submit-btn\"class=\"srfm-btn-frontend srfm-button srfm-submit-button\"\n\t\t\t\t\t\t\t\t\t\t\t\t>\n\t\t\t\t\t\t\t<div class=\"srfm-submit-wrap\">\n\t\t\t\t\t\t\t\tEnviar\t\t\t\t\t\t\t<div class=\"srfm-loader\"><\/div>\n\t\t\t\t\t\t\t<\/div>\n\t\t\t\t\t\t<\/button>\n\t\t\t\t\t\t<\/div>\n\t\t\t\t\t<\/div>\n\t\t\t\t\t\t\t\t<p id=\"srfm-error-message\" class=\"srfm-error-message\" hidden=\"true\">Houve um erro ao tentar enviar seu formul\u00e1rio. Por favor, tente novamente.<\/p>\n\t\t\t<input type=\"hidden\" name=\"trp-form-language\" value=\"pt\"\/><\/form>\n\t\t\t<div class=\"srfm-single-form srfm-success-box in-page\">\n\t\t\t\t<div aria-live=\"polite\" aria-atomic=\"true\" role=\"alert\" id=\"srfm-success-message-page-2418\" class=\"srfm-success-box-description\"><\/div>\n\t\t\t<\/div>\n\t\t\t\t\t\t<\/div>\n\t\t<style><\/style><script><\/script>\t\t\t\t<\/div>\n\t\t\t\t<\/div>\n\t\t\t\t<\/div>\n\t\t\t\t\t<\/div>\n\t\t\t\t<\/div>\n\t\t\t\t<\/div>","protected":false},"excerpt":{"rendered":"<p>Contact We\u2019re here to answer your questions and explore how we can support your energy goals. Reach out to us today to learn more about our services or discuss your renewable energy project needs Contact us Let\u2019s Build a Greener Future Together Address Rua Monte de S\u00e3o Bento, n\u00ba 156 &#8211; 4705-700 Fradelos, Braga Email [&hellip;]<\/p>","protected":false},"author":1,"featured_media":0,"parent":0,"menu_order":0,"comment_status":"closed","ping_status":"closed","template":"elementor_header_footer","meta":{"_uag_custom_page_level_css":"","footnotes":""},"class_list":["post-2196","page","type-page","status-publish","hentry"],"uagb_featured_image_src":{"full":false,"thumbnail":false,"medium":false,"medium_large":false,"large":false,"1536x1536":false,"2048x2048":false,"trp-custom-language-flag":false,"_nx_notification_thumb_100_100":false,"_nx_notification_thumb_200_200":false,"_nx_notification_thumb_300_300":false,"_nx_notification_thumb_400_400":false,"_nx_notification_thumb_500_500":false},"uagb_author_info":{"display_name":"gustavo.sagaz@cartagos.pt","author_link":"https:\/\/www.treeenergy.eu\/pt\/author\/gustavo-sagazcartagos-pt\/"},"uagb_comment_info":0,"uagb_excerpt":"Contact We\u2019re here to answer your questions and explore how we can support your energy goals. Reach out to us today to learn more about our services or discuss your renewable energy project needs Contact us Let\u2019s Build a Greener Future Together Address Rua Monte de S\u00e3o Bento, n\u00ba 156 &#8211; 4705-700 Fradelos, Braga Email&hellip;","_links":{"self":[{"href":"https:\/\/www.treeenergy.eu\/pt\/wp-json\/wp\/v2\/pages\/2196","targetHints":{"allow":["GET"]}}],"collection":[{"href":"https:\/\/www.treeenergy.eu\/pt\/wp-json\/wp\/v2\/pages"}],"about":[{"href":"https:\/\/www.treeenergy.eu\/pt\/wp-json\/wp\/v2\/types\/page"}],"author":[{"embeddable":true,"href":"https:\/\/www.treeenergy.eu\/pt\/wp-json\/wp\/v2\/users\/1"}],"replies":[{"embeddable":true,"href":"https:\/\/www.treeenergy.eu\/pt\/wp-json\/wp\/v2\/comments?post=2196"}],"version-history":[{"count":32,"href":"https:\/\/www.treeenergy.eu\/pt\/wp-json\/wp\/v2\/pages\/2196\/revisions"}],"predecessor-version":[{"id":2558,"href":"https:\/\/www.treeenergy.eu\/pt\/wp-json\/wp\/v2\/pages\/2196\/revisions\/2558"}],"wp:attachment":[{"href":"https:\/\/www.treeenergy.eu\/pt\/wp-json\/wp\/v2\/media?parent=2196"}],"curies":[{"name":"wp","href":"https:\/\/api.w.org\/{rel}","templated":true}]}}